{"id":39,"date":"2016-03-06T23:20:38","date_gmt":"2016-03-06T22:20:38","guid":{"rendered":"http:\/\/cervena-nl.6mq.me\/?page_id=39"},"modified":"2019-07-12T15:45:41","modified_gmt":"2019-07-12T03:45:41","slug":"recipies","status":"publish","type":"page","link":"https:\/\/www.cervena.nl\/en\/inspiration\/recipies\/","title":{"rendered":"Recipes"},"content":{"rendered":"<p><\/p>\n<p class=\"p1\"><span class=\"s1\">Cervena est une viande polyvalent qui vous ouvre des horizons illimit\u00e9s. Vous trouverez ci-dessous une s\u00e9lection de nos receipts estivales pr\u00e9f\u00e9r\u00e9es. Une source d&#8217;inspiration pour vous et de d\u00e9licieuses surprises pour vos clients.<\/span><\/p>\n<p class=\"p1\"><ul class=\"lcp_catlist\"><li><div class='lcp_linked_thumbnail'><a href=\"https:\/\/www.cervena.nl\/en\/tea-smoked-cervena-salad-with-rocket-roasted-beetroot-goats-cheese-and-walnut-vinaigrette\/\" title=\"(Nederlands) Salade van thee gerookte Cervena met rucola, geroosterde biet, geitenkaas en walnoot vinaigrette\"><img decoding=\"async\" src=\"\/wp-content\/uploads\/2016\/03\/Cervena_03_web.jpg\" class=\"lcp_thumbnail\"  alt=\"(Nederlands) Salade van thee gerookte Cervena met rucola, geroosterde biet, geitenkaas en walnoot vinaigrette\" \/><\/a><\/div><div class='lcp_body'><h3 class=\"lcp_post\"><a href=\"https:\/\/www.cervena.nl\/en\/tea-smoked-cervena-salad-with-rocket-roasted-beetroot-goats-cheese-and-walnut-vinaigrette\/\">(Nederlands) Salade van thee gerookte Cervena met rucola, geroosterde biet, geitenkaas en walnoot vinaigrette<\/a><\/h3>  <div class=\"lcp_excerpt\">Sorry, this entry is only available in Nederlands. For the sake of viewer convenience, the content is shown below in the alternative language. You may ...<\/div><a href=\"https:\/\/www.cervena.nl\/en\/tea-smoked-cervena-salad-with-rocket-roasted-beetroot-goats-cheese-and-walnut-vinaigrette\/\">Lira la suite<\/a><\/div><\/li><li><div class='lcp_linked_thumbnail'><a href=\"https:\/\/www.cervena.nl\/en\/jerk-cervena-chops-with-brisket-tamales-and-avocado-cream\/\" title=\"(Nederlands) Jerk Cervena kroon met tamales en avocado room\"><img decoding=\"async\" src=\"\/wp-content\/uploads\/2016\/03\/Cervena_02_web.jpg\" class=\"lcp_thumbnail\"  alt=\"(Nederlands) Jerk Cervena kroon met tamales en avocado room\" \/><\/a><\/div><div class='lcp_body'><h3 class=\"lcp_post\"><a href=\"https:\/\/www.cervena.nl\/en\/jerk-cervena-chops-with-brisket-tamales-and-avocado-cream\/\">(Nederlands) Jerk Cervena kroon met tamales en avocado room<\/a><\/h3>  <div class=\"lcp_excerpt\">Sorry, this entry is only available in Nederlands. For the sake of viewer convenience, the content is shown below in the alternative language. You may ...<\/div><a href=\"https:\/\/www.cervena.nl\/en\/jerk-cervena-chops-with-brisket-tamales-and-avocado-cream\/\">Lira la suite<\/a><\/div><\/li><li><div class='lcp_linked_thumbnail'><a href=\"https:\/\/www.cervena.nl\/en\/grilled-cervena-shortribs-with-yaki-glaze-and-sweet-carrot-and-cucumber-salad\/\" title=\"(Nederlands) Geroosterde Cervena ribbetjes met yaki glazuur en zoete wortel-komkommersalade\"><img decoding=\"async\" src=\"\/wp-content\/uploads\/2016\/03\/Cervena_04_web-1.jpg\" class=\"lcp_thumbnail\"  alt=\"(Nederlands) Geroosterde Cervena ribbetjes met yaki glazuur en zoete wortel-komkommersalade\" \/><\/a><\/div><div class='lcp_body'><h3 class=\"lcp_post\"><a href=\"https:\/\/www.cervena.nl\/en\/grilled-cervena-shortribs-with-yaki-glaze-and-sweet-carrot-and-cucumber-salad\/\">(Nederlands) Geroosterde Cervena ribbetjes met yaki glazuur en zoete wortel-komkommersalade<\/a><\/h3>  <div class=\"lcp_excerpt\">Sorry, this entry is only available in Nederlands. For the sake of viewer convenience, the content is shown below in the alternative language. You may ...<\/div><a href=\"https:\/\/www.cervena.nl\/en\/grilled-cervena-shortribs-with-yaki-glaze-and-sweet-carrot-and-cucumber-salad\/\">Lira la suite<\/a><\/div><\/li><li><div class='lcp_linked_thumbnail'><a href=\"https:\/\/www.cervena.nl\/en\/cervena-biet-olijf-knolselderij-muesli\/\" title=\"Cervena| biet | olijf | knolselderij | muesli\"><img decoding=\"async\" src=\"\/wp-content\/uploads\/2016\/03\/Hert_biet_olijf_knolselderij_muesli_web.jpg\" class=\"lcp_thumbnail\"  alt=\"Cervena| biet | olijf | knolselderij | muesli\" \/><\/a><\/div><div class='lcp_body'><h3 class=\"lcp_post\"><a href=\"https:\/\/www.cervena.nl\/en\/cervena-biet-olijf-knolselderij-muesli\/\">Cervena| biet | olijf | knolselderij | muesli<\/a><\/h3>  <div class=\"lcp_excerpt\">Sorry, this entry is only available in Nederlands. For the sake of viewer convenience, the content is shown below in the alternative language. You may ...<\/div><a href=\"https:\/\/www.cervena.nl\/en\/cervena-biet-olijf-knolselderij-muesli\/\">Lira la suite<\/a><\/div><\/li><li><div class='lcp_linked_thumbnail'><a href=\"https:\/\/www.cervena.nl\/en\/pastrami-van-hert-waldorf-biet-en-peperkrokant-2\/\" title=\"(Nederlands) Pastrami van Cervena, waldorf, biet en peperkrokant\"><img decoding=\"async\" src=\"\/wp-content\/uploads\/2016\/03\/Patrami-Van-Hert.jpg\" class=\"lcp_thumbnail\"  alt=\"(Nederlands) Pastrami van Cervena, waldorf, biet en peperkrokant\" \/><\/a><\/div><div class='lcp_body'><h3 class=\"lcp_post\"><a href=\"https:\/\/www.cervena.nl\/en\/pastrami-van-hert-waldorf-biet-en-peperkrokant-2\/\">(Nederlands) Pastrami van Cervena, waldorf, biet en peperkrokant<\/a><\/h3>  <div class=\"lcp_excerpt\">Sorry, this entry is only available in Nederlands. For the sake of viewer convenience, the content is shown below in the alternative language. You may ...<\/div><a href=\"https:\/\/www.cervena.nl\/en\/pastrami-van-hert-waldorf-biet-en-peperkrokant-2\/\">Lira la suite<\/a><\/div><\/li><li><div class='lcp_linked_thumbnail'><a href=\"https:\/\/www.cervena.nl\/en\/cervena-rosbief-met-biet-vinaigrette\/\" title=\"(Nederlands) Cervena rosbief met biet vinaigrette\"><img decoding=\"async\" src=\"\/wp-content\/uploads\/2016\/03\/Dun-gesneden-rosbief_web.jpg\" class=\"lcp_thumbnail\"  alt=\"(Nederlands) Cervena rosbief met biet vinaigrette\" \/><\/a><\/div><div class='lcp_body'><h3 class=\"lcp_post\"><a href=\"https:\/\/www.cervena.nl\/en\/cervena-rosbief-met-biet-vinaigrette\/\">(Nederlands) Cervena rosbief met biet vinaigrette<\/a><\/h3>  <div class=\"lcp_excerpt\">Sorry, this entry is only available in Nederlands. For the sake of viewer convenience, the content is shown below in the alternative language. You may ...<\/div><a href=\"https:\/\/www.cervena.nl\/en\/cervena-rosbief-met-biet-vinaigrette\/\">Lira la suite<\/a><\/div><\/li><\/ul><\/p>\n<p class=\"p1\"><img loading=\"lazy\" decoding=\"async\" class=\"hide-something alignnone wp-image-344 size-large\" src=\"http:\/\/www.cervena.be\/wp-content\/uploads\/2016\/03\/Gebraden-hertenrugfilet_web-1024x769.jpg\" alt=\"Gebraden hertenrugfilet_web\" width=\"1024\" height=\"769\" srcset=\"https:\/\/www.cervena.nl\/wp-content\/uploads\/2016\/03\/Gebraden-hertenrugfilet_web-1024x769.jpg 1024w, https:\/\/www.cervena.nl\/wp-content\/uploads\/2016\/03\/Gebraden-hertenrugfilet_web-300x225.jpg 300w, https:\/\/www.cervena.nl\/wp-content\/uploads\/2016\/03\/Gebraden-hertenrugfilet_web-768x577.jpg 768w, https:\/\/www.cervena.nl\/wp-content\/uploads\/2016\/03\/Gebraden-hertenrugfilet_web-150x113.jpg 150w, https:\/\/www.cervena.nl\/wp-content\/uploads\/2016\/03\/Gebraden-hertenrugfilet_web.jpg 1260w\" sizes=\"auto, (max-width: 1024px) 100vw, 1024px\" \/><\/p>\n<p><\/p>","protected":false},"excerpt":{"rendered":"<p>Cervena est une viande polyvalent qui vous ouvre des horizons illimit\u00e9s. Vous trouverez ci-dessous une s\u00e9lection de nos receipts estivales pr\u00e9f\u00e9r\u00e9es. Une source d&#8217;inspiration pour vous et de d\u00e9licieuses surprises pour vos clients.<\/p>\n","protected":false},"author":4,"featured_media":0,"parent":25,"menu_order":10,"comment_status":"closed","ping_status":"closed","template":"","meta":{"_exactmetrics_skip_tracking":false,"_exactmetrics_sitenote_active":false,"_exactmetrics_sitenote_note":"","_exactmetrics_sitenote_category":0,"footnotes":""},"class_list":["post-39","page","type-page","status-publish","hentry"],"_links":{"self":[{"href":"https:\/\/www.cervena.nl\/en\/wp-json\/wp\/v2\/pages\/39","targetHints":{"allow":["GET"]}}],"collection":[{"href":"https:\/\/www.cervena.nl\/en\/wp-json\/wp\/v2\/pages"}],"about":[{"href":"https:\/\/www.cervena.nl\/en\/wp-json\/wp\/v2\/types\/page"}],"author":[{"embeddable":true,"href":"https:\/\/www.cervena.nl\/en\/wp-json\/wp\/v2\/users\/4"}],"replies":[{"embeddable":true,"href":"https:\/\/www.cervena.nl\/en\/wp-json\/wp\/v2\/comments?post=39"}],"version-history":[{"count":40,"href":"https:\/\/www.cervena.nl\/en\/wp-json\/wp\/v2\/pages\/39\/revisions"}],"predecessor-version":[{"id":808,"href":"https:\/\/www.cervena.nl\/en\/wp-json\/wp\/v2\/pages\/39\/revisions\/808"}],"up":[{"embeddable":true,"href":"https:\/\/www.cervena.nl\/en\/wp-json\/wp\/v2\/pages\/25"}],"wp:attachment":[{"href":"https:\/\/www.cervena.nl\/en\/wp-json\/wp\/v2\/media?parent=39"}],"curies":[{"name":"wp","href":"https:\/\/api.w.org\/{rel}","templated":true}]}}